{"id":192,"date":"2024-06-01T11:13:39","date_gmt":"2024-06-01T09:13:39","guid":{"rendered":"https:\/\/www.stoerti.com\/?page_id=192"},"modified":"2024-06-01T11:33:14","modified_gmt":"2024-06-01T09:33:14","slug":"bezahlinfos","status":"publish","type":"page","link":"https:\/\/www.stoerti.com\/index.php\/bezahlinfos\/","title":{"rendered":"Bezahlinfos"},"content":{"rendered":"<p>Wenn Sie meine Arbeit unterst\u00fctzen m\u00f6chten, danke ich Ihnen recht herzlich.<br>So k\u00f6nnen Sie mir Geld zukommen lassen.<\/p><h2 class=\"wp-block-heading\">Bank\u00fcberweisung<\/h2><p>IBAN: DE47100110012403539658<br>BIC: NTSBDEB1XXX<br>Inhaber: stoerti<\/p><h2 class=\"wp-block-heading\">Litecoin<\/h2><p>ltc1qmuahfw6w7kv08ztde36x06zpu5aldq8n925a0f<\/p><h2 class=\"wp-block-heading\">Dogecoin<\/h2><p>D9MKrk6icT8GodaNQGk75jtZwxscTUnc37<\/p>","protected":false},"excerpt":{"rendered":"<p>Wenn Sie meine Arbeit unterst\u00fctzen m\u00f6chten, danke ich Ihnen recht herzlich.So k\u00f6nnen Sie mir Geld zukommen lassen. Bank\u00fcberweisung IBAN: DE47100110012403539658BIC: NTSBDEB1XXXInhaber: stoerti Litecoin ltc1qmuahfw6w7kv08ztde36x06zpu5aldq8n925a0f Dogecoin D9MKrk6icT8GodaNQGk75jtZwxscTUnc37<\/p>\n","protected":false},"author":1,"featured_media":0,"parent":0,"menu_order":0,"comment_status":"closed","ping_status":"closed","template":"","meta":{"footnotes":""},"class_list":["post-192","page","type-page","status-publish","hentry"],"_links":{"self":[{"href":"https:\/\/www.stoerti.com\/index.php\/wp-json\/wp\/v2\/pages\/192","targetHints":{"allow":["GET"]}}],"collection":[{"href":"https:\/\/www.stoerti.com\/index.php\/wp-json\/wp\/v2\/pages"}],"about":[{"href":"https:\/\/www.stoerti.com\/index.php\/wp-json\/wp\/v2\/types\/page"}],"author":[{"embeddable":true,"href":"https:\/\/www.stoerti.com\/index.php\/wp-json\/wp\/v2\/users\/1"}],"replies":[{"embeddable":true,"href":"https:\/\/www.stoerti.com\/index.php\/wp-json\/wp\/v2\/comments?post=192"}],"version-history":[{"count":7,"href":"https:\/\/www.stoerti.com\/index.php\/wp-json\/wp\/v2\/pages\/192\/revisions"}],"predecessor-version":[{"id":210,"href":"https:\/\/www.stoerti.com\/index.php\/wp-json\/wp\/v2\/pages\/192\/revisions\/210"}],"wp:attachment":[{"href":"https:\/\/www.stoerti.com\/index.php\/wp-json\/wp\/v2\/media?parent=192"}],"curies":[{"name":"wp","href":"https:\/\/api.w.org\/{rel}","templated":true}]}}